{"id":845,"date":"2024-11-14T23:45:56","date_gmt":"2024-11-14T22:45:56","guid":{"rendered":"https:\/\/consultoresfb.com\/?page_id=845"},"modified":"2025-11-14T14:33:54","modified_gmt":"2025-11-14T13:33:54","slug":"politica-de-cookies","status":"publish","type":"page","link":"https:\/\/consultoresfb.com\/index.php\/politica-de-cookies\/","title":{"rendered":"POL\u00cdTICA DE COOKIES"},"content":{"rendered":"\t\t<div data-elementor-type=\"wp-page\" data-elementor-id=\"845\" class=\"elementor elementor-845\" data-elementor-post-type=\"page\">\n\t\t\t\t<div class=\"elementor-element elementor-element-d1b884a e-flex e-con-boxed e-con e-parent\" data-id=\"d1b884a\" data-element_type=\"container\">\n\t\t\t\t\t<div class=\"e-con-inner\">\n\t\t\t\t<div class=\"elementor-element elementor-element-2c711402 elementor-widget elementor-widget-text-editor\" data-id=\"2c711402\" data-element_type=\"widget\" data-widget_type=\"text-editor.default\">\n\t\t\t\t<div class=\"elementor-widget-container\">\n\t\t\t\t\t\t\t\t\t<p><strong>POL\u00cdTICA DE COOKIES<\/strong><\/p>\n<p>Esta Pol\u00edtica de Cookies es parte integrante de los textos legales y la Pol\u00edtica de Privacidad del (i) sitio web https:\/\/consultoresfb.com\/ (en adelante, el \u201c<strong>Sitio Web<\/strong>\u201d), propiedad de Fuentes Bueso Consultores Executive Search S.L. (en adelante, \u201c<strong>F&amp;B Consultores<\/strong>\u201d), con NIF B84234095 con domicilio en Calle Castell\u00f3 48, 28001, Madrid y correo electr\u00f3nico a efectos de privacidad: research@consultoresfb.com<\/p>\n<p>El acceso y la navegaci\u00f3n en el Sitio Web, as\u00ed como la aceptaci\u00f3n del banner correspondiente a las cookies y su configuraci\u00f3n implican la aceptaci\u00f3n de los t\u00e9rminos y condiciones recogidos en la presente Pol\u00edtica de Cookies.<\/p>\n<p>Con el fin de facilitar la navegaci\u00f3n por el Sitio Web, F&amp;B Consultores, le comunica que utiliza cookies u otros archivos de funcionalidad similar (en adelante, las \u201c<strong>Cookies<\/strong>\u201d).<\/p>\n<p>En todo caso, le informamos de que F&amp;B Consultores es el responsable de dichas Cookies y del tratamiento de los datos obtenidos a trav\u00e9s de \u00e9stas, decidiendo sobre la finalidad, contenido y uso del tratamiento de la informaci\u00f3n recabada. Adem\u00e1s, el presente Sitio Web no instala nuestras Cookies en los dispositivos de los Usuarios hasta que estos hayan aceptado la instalaci\u00f3n de estas.<\/p>\n<h1>1.\u00a0\u00a0\u00a0\u00a0\u00a0\u00a0\u00a0\u00a0\u00a0\u00a0\u00a0\u00a0\u00a0 \u00bfQu\u00e9 se entiende por una Cookie?<\/h1>\n<p>Las Cookies son archivos que contienen peque\u00f1as cantidades de informaci\u00f3n que se descargan en el dispositivo del usuario cuando visita una p\u00e1gina web o una aplicaci\u00f3n, asoci\u00e1ndose \u00fanicamente a un usuario an\u00f3nimo y su dispositivo y a veces, proporcionan evidencias que permiten acceder a datos personales del usuario.<\/p>\n<p>Las Cookies son esenciales para el funcionamiento de Internet, su finalidad principal es reconocer al usuario cada vez que accede al Sitio Web, permitiendo, adem\u00e1s de mejorar la calidad, ofrecer un mejor uso de ambos entornos, personalizando los servicios que se ofrecen en esta y ofreciendo al usuario informaci\u00f3n que es de su inter\u00e9s o que puede ser de su inter\u00e9s, en atenci\u00f3n al uso que realiza de aquellos. En cualquier caso, el Usuario podr\u00e1 acceder a la configuraci\u00f3n de su navegador para modificar y\/o bloquear la instalaci\u00f3n de las Cookies enviadas desde el Sitio Web, sin que ello impida al acceso a los contenidos.<\/p>\n<h1>2.\u00a0\u00a0\u00a0\u00a0\u00a0\u00a0\u00a0\u00a0\u00a0\u00a0\u00a0\u00a0\u00a0 Uso de Cookies por parte de F&amp;B Consultores<\/h1>\n<p>Los usuarios autorizan expresamente el uso de esta informaci\u00f3n con las finalidades indicadas, a trav\u00e9s de los canales habilitados al efecto en el Sitio Web, sin perjuicio de su derecho a rechazar, deshabilitar o configurar el uso de Cookies. Si se desactivan o se rechazan las Cookies, puede que la navegaci\u00f3n por el Sitio Web no sea \u00f3ptima y algunas de las utilidades de que disponibles no funcionen correctamente.<\/p>\n<p>En concreto, F&amp;B Consultores est\u00e1 utilizando las Cookies para las finalidades que a continuaci\u00f3n se exponen. Si en un futuro F&amp;B Consultores utilizase otras Cookies con el prop\u00f3sito de otorgar m\u00e1s y mejores servicios, se informar\u00e1 al usuario de ello.<\/p>\n<p>La instalaci\u00f3n de dichas Cookies en el dispositivo del usuario se producir\u00e1 siempre de manera posterior a la recogida del consentimiento y\/o configuraci\u00f3n de estas.<\/p>\n<p>En esta Pol\u00edtica de Cookies se informa de manera general de todas las Cookies utilizadas en el Sitio Web. Sin embargo, a efectos informativos para el usuario, las Cookies que son necesarias para el funcionamiento del Sitio Web estar\u00e1n activadas por defecto, pudiendo ser, en su caso, desactivadas y rechazadas por el usuario, siempre en cumplimiento de la normativa vigente.<\/p>\n<h1>3.\u00a0\u00a0\u00a0\u00a0\u00a0\u00a0\u00a0\u00a0\u00a0\u00a0\u00a0\u00a0\u00a0 Tipos y objetivos de las cookies utilizadas<\/h1>\n<p>En el Sitio Web se utilizan cookies propias y de terceros. Seg\u00fan la entidad que gestione los datos que se obtengan a trav\u00e9s de las Cookies, se agrupan de la siguiente manera:<\/p>\n<ul>\n<li><strong>Propias<\/strong>: Aqu\u00e9llas que se env\u00edan al propio editor que presta el servicio solicitado por el usuario.<\/li>\n<li><strong>De terceros<\/strong>: No son gestionadas por el editor, sino por un tercero que es quien gestiona los datos obtenidos a trav\u00e9s de las Cookies.<\/li>\n<\/ul>\n<p>En funci\u00f3n de su permanencia:<\/p>\n<ul>\n<li><strong>De sesi\u00f3n: <\/strong>permanecen durante el acceso y navegaci\u00f3n en el sitio, se suprimen una vez el usuario abandona el Sitio Web.<\/li>\n<li><strong>Permanentes: <\/strong>Permanecen almacenadas en el terminal y pueden ser accedidos y tratados durante un periodo de tiempo definido por el responsable de la Cookie.<\/li>\n<\/ul>\n<h1>4.\u00a0\u00a0\u00a0\u00a0\u00a0\u00a0\u00a0\u00a0\u00a0\u00a0\u00a0\u00a0\u00a0 Cookies utilizadas en el Sitio Web<\/h1>\n<p>Las Cookies utilizadas por F&amp;B Consultores son cookies propias.<\/p>\n<h2><strong>4.1.\u00a0\u00a0\u00a0\u00a0\u00a0\u00a0\u00a0\u00a0\u00a0 <\/strong><strong>Cookies necesarias<\/strong><\/h2>\n<p>\u00a0<\/p>\n<p>Son aquellas cookies consideradas imprescindibles para la navegaci\u00f3n por ambos entornos, pues facilitan al usuario la utilizaci\u00f3n de sus prestaciones o herramientas como, por ejemplo, identificar la sesi\u00f3n, acceder a partes de acceso restringido, garantizar la seguridad de la navegaci\u00f3n. Sin estas cookies, las funciones mencionadas quedar\u00edan inhabilitadas.<\/p>\n<p>En este sentido, F&amp;B Consultores utiliza estas cookies propias con las siguientes finalidades:<\/p>\n<p>\u00a0<\/p>\n<ul>\n<li>cookielawinfo-checkbox-necessary. Guarda el consentimiento del Usuario para las cookies necesarias.<\/li>\n<li>Indica si el Usuario ha aceptado la pol\u00edtica de cookies.<\/li>\n<li>Registra las preferencias de consentimiento del Usuario.<\/li>\n<li>Guarda el idioma seleccionado por el Usuario.<\/li>\n<\/ul>\n<p>\u00a0<\/p>\n<h2><strong>4.2.\u00a0\u00a0\u00a0\u00a0\u00a0\u00a0\u00a0\u00a0\u00a0 <\/strong><strong>Cookies anal\u00edticas<\/strong><\/h2>\n<p>Estas cookies sirven para analizar la navegaci\u00f3n del usuario por el Sitio Web, as\u00ed como realizar una contabilidad de estas. Algunas de estas cookies identifican al usuario, mientras que otras solo utilizan datos agregados.<\/p>\n<p><u>Cookies anal\u00edticas de F&amp;B Consultores<\/u><\/p>\n<p><u>\u00a0<\/u><\/p>\n<p>F&amp;B Consultores, a trav\u00e9s del Sitio Web, utiliza Cookies propias para la seguridad de ambos entornos como a nivel anal\u00edtico. En concreto dichas Cookies son:<\/p>\n<p>\u00a0<\/p>\n<table width=\"607\">\n<tbody>\n<tr>\n<td width=\"183\">\n<p><strong>COOKIES<\/strong><\/p>\n<\/td>\n<td width=\"144\">\n<p><strong>PROPIETARIO<\/strong><\/p>\n<\/td>\n<td width=\"172\">\n<p><strong>FINALIDAD<\/strong><\/p>\n<\/td>\n<td width=\"108\">\n<p><strong>CADUCIDAD<\/strong><\/p>\n<\/td>\n<\/tr>\n<tr>\n<td width=\"183\">\n<p>cookielawinfo-checkbox-analytics<\/p>\n<\/td>\n<td width=\"144\">\n<p>F&amp;B Consultores<\/p>\n<\/td>\n<td width=\"172\">\n<p>Guardar la selecci\u00f3n del Usuario sobre cookies anal\u00edticas<\/p>\n<\/td>\n<td width=\"108\">\n<p>1 a\u00f1o<\/p>\n<\/td>\n<\/tr>\n<\/tbody>\n<\/table>\n<p>\u00a0<\/p>\n<h2><strong>4.3.\u00a0\u00a0\u00a0\u00a0\u00a0\u00a0\u00a0\u00a0\u00a0 <\/strong><strong>Cookies publicitarias comportamentales<\/strong><\/h2>\n<p>Son aquellas que, tratadas por nosotros o por terceros, nos permiten analizar sus h\u00e1bitos de navegaci\u00f3n en Internet para que podamos mostrarle publicidad relacionada con su perfil de navegaci\u00f3n.<\/p>\n<p>\u00a0<\/p>\n<table width=\"607\">\n<tbody>\n<tr>\n<td width=\"183\">\n<p><strong>COOKIES<\/strong><\/p>\n<\/td>\n<td width=\"144\">\n<p><strong>PROPIETARIO<\/strong><\/p>\n<\/td>\n<td width=\"172\">\n<p><strong>FINALIDAD<\/strong><\/p>\n<\/td>\n<td width=\"108\">\n<p><strong>CADUCIDAD<\/strong><\/p>\n<\/td>\n<\/tr>\n<tr>\n<td width=\"183\">\n<p>cookielawinfo-checkbox-advertisement<\/p>\n<\/td>\n<td width=\"144\">\n<p>F&amp;B Consultores<\/p>\n<\/td>\n<td width=\"172\">\n<p>Guardar el consentimiento sobre cookies publicitarias<\/p>\n<\/td>\n<td width=\"108\">\n<p>1 a\u00f1o<\/p>\n<\/td>\n<\/tr>\n<\/tbody>\n<\/table>\n<p>\u00a0<\/p>\n<h1>5.\u00a0\u00a0\u00a0\u00a0\u00a0\u00a0\u00a0\u00a0\u00a0\u00a0\u00a0\u00a0\u00a0 Configuraci\u00f3n del usuario para evitar Cookies<\/h1>\n<p>En cumplimiento de la normativa vigente, el usuario puede configurar la instalaci\u00f3n de Cookies en el Sitio Web en los canales espec\u00edficamente habilitados. Mediante esta herramienta, el Usuario puede aceptar todas las Cookies, rechazarlas todas (en su caso, aquellas que no sean necesarias para el funcionamiento de la web) o configurarlas gradualmente.<\/p>\n<p>\u00a0<\/p>\n<p>De igual manera, F&amp;B Consultores pone a disposici\u00f3n de los usuarios del Sitio Web la informaci\u00f3n que les permita configurar su navegador\/navegadores de Internet para mantener su privacidad y seguridad en relaci\u00f3n con las Cookies. Por ello, se facilita la informaci\u00f3n y los enlaces a los sitios de soporte oficiales de los principales navegadores para que cada usuario pueda decidir si desea o no aceptar el uso de Cookies.<\/p>\n<p>As\u00ed, es posible bloquear las Cookies a trav\u00e9s de las herramientas de configuraci\u00f3n del navegador, o bien, cada usuario puede configurar su navegador para que le avise cuando un servidor quiera guardar una Cookie:<\/p>\n<ul>\n<li>Si utiliza Microsoft Internet Explorer, encontrar\u00e1 la opci\u00f3n en el men\u00fa Herramientas &gt; Opciones de Internet &gt; Privacidad &gt; Configuraci\u00f3n. Para saber m\u00e1s visite este enlace: http:\/\/windows.microsoft.com\/es-es\/windows-vista\/block-or-allow-Cookies y <a href=\"http:\/\/windows.microsoft.com\/es-es\/windows7\/how-to-manage-Cookies-in-internet-explorer-9\">http:\/\/windows.microsoft.com\/es-es\/windows7\/how-to-manage-Cookies-in-internet-explorer-9<\/a>.<\/li>\n<\/ul>\n<p>\u00a0<\/p>\n<ul>\n<li>Si utiliza Firefox, encontrar\u00e1 la opci\u00f3n en el men\u00fa Herramientas &gt; Opciones &gt; Privacidad &gt; Cookies. Para saber m\u00e1s visite este enlace: <a href=\"http:\/\/support.mozilla.org\/es\/kb\/habilitar-y-deshabilitar-Cookies-que-los-sitios-we\">http:\/\/support.mozilla.org\/es\/kb\/habilitar-y-deshabilitar-Cookies-que-los-sitios-we<\/a>.<\/li>\n<\/ul>\n<p>\u00a0<\/p>\n<ul>\n<li>Si utiliza Chrome, en la secci\u00f3n de Opciones &gt; Opciones avanzadas &gt; Privacidad. Para saber m\u00e1s visite este enlace: <a href=\"https:\/\/support.google.com\/accounts\/answer\/61416?hl=es\">https:\/\/support.google.com\/accounts\/answer\/61416?hl=es<\/a><\/li>\n<\/ul>\n<p>\u00a0<\/p>\n<ul>\n<li>Si utiliza Opera, en la opci\u00f3n de Seguridad y Privacidad, podr\u00e1 configurar el navegador. Para saber m\u00e1s visite: este enlace: <a href=\"http:\/\/help.opera.com\/Windows\/11.50\/es-ES\/cookies.html\">http:\/\/help.opera.com\/Windows\/11.50\/es-ES\/cookies.html<\/a><\/li>\n<\/ul>\n<p>\u00a0<\/p>\n<ul>\n<li>Si utiliza Safari encontrar\u00e1 la opci\u00f3n en el men\u00fa Preferencias\/Privacidad. Para saber m\u00e1s visite: este enlace: <a href=\"http:\/\/support.apple.com\/kb\/HT1677?viewlocale=es_ES\">http:\/\/support.apple.com\/kb\/HT1677?viewlocale=es_ES<\/a><\/li>\n<\/ul>\n<p>\u00a0<\/p>\n<ul>\n<li>Si utiliza Microsoft Edge, en la opci\u00f3n de Configuraci\u00f3n y m\u00e1s &gt; Configuraci\u00f3n &gt; Privacidad, b\u00fasqueda y servicios. Para saber m\u00e1s visita este enlace: https:\/\/support.microsoft.com\/search\/results?query=cookies+Microsoft+Edge&amp;isEnrichedQuery=true<\/li>\n<\/ul>\n<p>\u00a0<\/p>\n<h1>6.\u00a0\u00a0\u00a0\u00a0\u00a0\u00a0\u00a0\u00a0\u00a0\u00a0\u00a0\u00a0\u00a0 Cookies en los dispositivos m\u00f3viles<\/h1>\n<p>F&amp;B Consultores tambi\u00e9n usa cookies u otros dispositivos de almacenamiento en dispositivos m\u00f3viles.<\/p>\n<p>Aquellas cookies que no sean obligatorias para la navegaci\u00f3n del presente Sitio Web podr\u00e1n deshabilitarse en la configuraci\u00f3n del Sitio Web.<\/p>\n<p>Estos ajustes se encuentran en el pie de p\u00e1gina del Sitio Web. Adem\u00e1s, al igual que sucede en los navegadores de ordenadores, lo navegadores de los dispositivos m\u00f3viles permiten realizar cambios en las opciones o ajustes de privacidad para desactivar o eliminar las cookies.<\/p>\n<p>Si desea modificar las opciones de privacidad siga las instrucciones especificadas por el desarrollador de su navegador para dispositivo m\u00f3vil.<\/p>\n<p>A continuaci\u00f3n, podr\u00e1 encontrar algunos ejemplos de los links que le guiar\u00e1n para modificar las opciones de privacidad en su dispositivo m\u00f3vil:<\/p>\n<ul>\n<li><strong>IOS<\/strong><strong>: (<\/strong><a href=\"http:\/\/goo.gl\/61xevS\"><strong>http:\/\/goo.gl\/61xevS<\/strong><\/a><strong>)<\/strong><\/li>\n<\/ul>\n<ul>\n<li><strong>Windows Phone<\/strong><strong>: (<\/strong><a href=\"https:\/\/goo.gl\/tKyb0y\"><strong>https:\/\/goo.gl\/tKyb0y<\/strong><\/a><strong>)<\/strong><\/li>\n<\/ul>\n<ul>\n<li><strong>Chrome Mobile<\/strong><strong>: (<\/strong><a href=\"http:\/\/goo.gl\/XJp7N\"><strong>http:\/\/goo.gl\/XJp7N<\/strong><\/a><strong>)<\/strong><\/li>\n<li><strong>Opera Mobile<\/strong><strong>: (<\/strong><a href=\"http:\/\/goo.gl\/Nzr8s7)\"><strong>http:\/\/goo.gl\/Nzr8s7)<\/strong><\/a><\/li>\n<\/ul>\n<h1>7.\u00a0\u00a0\u00a0\u00a0\u00a0\u00a0\u00a0\u00a0\u00a0\u00a0\u00a0\u00a0\u00a0 Informaci\u00f3n en relaci\u00f3n con sus datos<\/h1>\n<p>Para poder ejercitar cualquiera de sus derechos en materia de protecci\u00f3n de datos, as\u00ed como para poder conocer los <strong>(i)<\/strong> Fines del tratamiento y base jur\u00eddica del tratamiento; <strong>(ii)<\/strong> Destinatarios o categor\u00edas de destinatarios de los datos personales; <strong>(iii)<\/strong> Transferencias internacionales; <strong>(iv)<\/strong> Plazo de conservaci\u00f3n; <strong>(v)<\/strong> Derechos de los interesados; <strong>(vi<\/strong>) Existencia de decisiones automatizadas, incluida la elaboraci\u00f3n de perfiles, puede acceder a la Pol\u00edtica de Privacidad de F&amp;B Consultores.<\/p>\n<p>\u00a0<\/p>\n<h1>8.\u00a0\u00a0\u00a0\u00a0\u00a0\u00a0\u00a0\u00a0\u00a0\u00a0\u00a0\u00a0\u00a0 Modificaciones de la Pol\u00edtica de Cookies<\/h1>\n<p>Esta Pol\u00edtica de Cookies podr\u00eda ser modificada en funci\u00f3n de las exigencias legislativas, reglamentarias, o con la finalidad de adaptar dicha pol\u00edtica a las instrucciones dictadas por la Agencia Espa\u00f1ola de Protecci\u00f3n de Datos. Por ello, se aconseja a los usuarios que la visiten peri\u00f3dicamente. Cuando se produzcan cambios significativos en esta Pol\u00edtica de Cookies, se comunicar\u00e1n a los usuarios a trav\u00e9s de correo electr\u00f3nico.<\/p>\n<p><strong>\u00daltima actualizaci\u00f3n: <\/strong><strong>7 <\/strong><strong>de <\/strong><strong>julio <\/strong><strong>de 20<\/strong><strong>25<\/strong><strong>.<\/strong><\/p>\t\t\t\t\t\t\t\t<\/div>\n\t\t\t\t<\/div>\n\t\t\t\t\t<\/div>\n\t\t\t\t<\/div>\n\t\t\t\t<\/div>\n\t\t","protected":false},"excerpt":{"rendered":"<p>POL\u00cdTICA DE COOKIES Esta Pol\u00edtica de Cookies es parte integrante de los textos legales y la Pol\u00edtica de Privacidad del (i) sitio web https:\/\/consultoresfb.com\/ (en adelante, el \u201cSitio Web\u201d), propiedad de Fuentes Bueso Consultores Executive Search S.L. (en adelante, \u201cF&amp;B Consultores\u201d), con NIF B84234095 con domicilio en Calle Castell\u00f3 48, 28001, Madrid y correo electr\u00f3nico [&hellip;]<\/p>\n","protected":false},"author":1,"featured_media":0,"parent":0,"menu_order":0,"comment_status":"closed","ping_status":"open","template":"elementor_header_footer","meta":{"footnotes":""},"class_list":["post-845","page","type-page","status-publish","hentry"],"_links":{"self":[{"href":"https:\/\/consultoresfb.com\/index.php\/wp-json\/wp\/v2\/pages\/845","targetHints":{"allow":["GET"]}}],"collection":[{"href":"https:\/\/consultoresfb.com\/index.php\/wp-json\/wp\/v2\/pages"}],"about":[{"href":"https:\/\/consultoresfb.com\/index.php\/wp-json\/wp\/v2\/types\/page"}],"author":[{"embeddable":true,"href":"https:\/\/consultoresfb.com\/index.php\/wp-json\/wp\/v2\/users\/1"}],"replies":[{"embeddable":true,"href":"https:\/\/consultoresfb.com\/index.php\/wp-json\/wp\/v2\/comments?post=845"}],"version-history":[{"count":7,"href":"https:\/\/consultoresfb.com\/index.php\/wp-json\/wp\/v2\/pages\/845\/revisions"}],"predecessor-version":[{"id":17749,"href":"https:\/\/consultoresfb.com\/index.php\/wp-json\/wp\/v2\/pages\/845\/revisions\/17749"}],"wp:attachment":[{"href":"https:\/\/consultoresfb.com\/index.php\/wp-json\/wp\/v2\/media?parent=845"}],"curies":[{"name":"wp","href":"https:\/\/api.w.org\/{rel}","templated":true}]}}