{"id":110,"date":"2024-11-04T19:15:46","date_gmt":"2024-11-04T18:15:46","guid":{"rendered":"https:\/\/consultoresfb.com\/?page_id=110"},"modified":"2024-11-28T21:57:40","modified_gmt":"2024-11-28T20:57:40","slug":"servicios","status":"publish","type":"page","link":"https:\/\/consultoresfb.com\/index.php\/servicios\/","title":{"rendered":"QU\u00c9 HACEMOS"},"content":{"rendered":"\t\t<div data-elementor-type=\"wp-page\" data-elementor-id=\"110\" class=\"elementor elementor-110\" data-elementor-post-type=\"page\">\n\t\t\t\t\t\t<section class=\"elementor-section elementor-top-section elementor-element elementor-element-7a1afea8 elementor-section-stretched elementor-section-full_width elementor-section-height-min-height elementor-section-items-stretch elementor-section-height-default\" data-id=\"7a1afea8\" data-element_type=\"section\" data-settings=\"{&quot;stretch_section&quot;:&quot;section-stretched&quot;,&quot;background_background&quot;:&quot;classic&quot;}\">\n\t\t\t\t\t\t<div class=\"elementor-container elementor-column-gap-default\">\n\t\t\t\t\t<div class=\"elementor-column elementor-col-100 elementor-top-column elementor-element elementor-element-7338a644\" data-id=\"7338a644\" data-element_type=\"column\" data-settings=\"{&quot;background_background&quot;:&quot;classic&quot;}\">\n\t\t\t<div class=\"elementor-widget-wrap\">\n\t\t\t\t\t\t\t<\/div>\n\t\t<\/div>\n\t\t\t\t\t<\/div>\n\t\t<\/section>\n\t\t\t\t<section class=\"elementor-section elementor-top-section elementor-element elementor-element-7881c0ec elementor-section-boxed elementor-section-height-default elementor-section-height-default\" data-id=\"7881c0ec\" data-element_type=\"section\" data-settings=\"{&quot;background_background&quot;:&quot;classic&quot;}\">\n\t\t\t\t\t\t<div class=\"elementor-container elementor-column-gap-default\">\n\t\t\t\t\t<div class=\"elementor-column elementor-col-50 elementor-top-column elementor-element elementor-element-2188d617\" data-id=\"2188d617\" data-element_type=\"column\">\n\t\t\t<div class=\"elementor-widget-wrap elementor-element-populated\">\n\t\t\t\t\t\t<div class=\"elementor-element elementor-element-69e956c elementor-invisible elementor-widget elementor-widget-heading\" data-id=\"69e956c\" data-element_type=\"widget\" data-settings=\"{&quot;_animation&quot;:&quot;fadeInLeft&quot;,&quot;_animation_delay&quot;:300}\" data-widget_type=\"heading.default\">\n\t\t\t\t<div class=\"elementor-widget-container\">\n\t\t\t\t\t<h1 class=\"elementor-heading-title elementor-size-default\">Qu\u00e9 hacemos<\/h1>\t\t\t\t<\/div>\n\t\t\t\t<\/div>\n\t\t\t\t\t<\/div>\n\t\t<\/div>\n\t\t\t\t<div class=\"elementor-column elementor-col-50 elementor-top-column elementor-element elementor-element-61e7832e\" data-id=\"61e7832e\" data-element_type=\"column\">\n\t\t\t<div class=\"elementor-widget-wrap elementor-element-populated\">\n\t\t\t\t\t\t<div class=\"elementor-element elementor-element-69d11d99 elementor-align-right elementor-tablet-align-center elementor-mobile-align-left elementor-widget elementor-widget-button\" data-id=\"69d11d99\" data-element_type=\"widget\" data-widget_type=\"button.default\">\n\t\t\t\t<div class=\"elementor-widget-container\">\n\t\t\t\t\t\t\t\t\t<div class=\"elementor-button-wrapper\">\n\t\t\t\t\t<a class=\"elementor-button elementor-button-link elementor-size-sm\" href=\"https:\/\/consultoresfb.com\/index.php\/contacto\/\">\n\t\t\t\t\t\t<span class=\"elementor-button-content-wrapper\">\n\t\t\t\t\t\t\t\t\t<span class=\"elementor-button-text\">Cons\u00faltanos<\/span>\n\t\t\t\t\t<\/span>\n\t\t\t\t\t<\/a>\n\t\t\t\t<\/div>\n\t\t\t\t\t\t\t\t<\/div>\n\t\t\t\t<\/div>\n\t\t\t\t\t<\/div>\n\t\t<\/div>\n\t\t\t\t\t<\/div>\n\t\t<\/section>\n\t\t\t\t<section class=\"elementor-section elementor-top-section elementor-element elementor-element-4b752f9d elementor-section-boxed elementor-section-height-default elementor-section-height-default\" data-id=\"4b752f9d\" data-element_type=\"section\" data-settings=\"{&quot;background_background&quot;:&quot;classic&quot;}\">\n\t\t\t\t\t\t\t<div class=\"elementor-background-overlay\"><\/div>\n\t\t\t\t\t\t\t<div class=\"elementor-container elementor-column-gap-default\">\n\t\t\t\t\t<div class=\"elementor-column elementor-col-100 elementor-top-column elementor-element elementor-element-602b5ad0\" data-id=\"602b5ad0\" data-element_type=\"column\">\n\t\t\t<div class=\"elementor-widget-wrap elementor-element-populated\">\n\t\t\t\t\t\t<div class=\"elementor-element elementor-element-de7469b elementor-widget elementor-widget-heading\" data-id=\"de7469b\" data-element_type=\"widget\" data-widget_type=\"heading.default\">\n\t\t\t\t<div class=\"elementor-widget-container\">\n\t\t\t\t\t<h5 class=\"elementor-heading-title elementor-size-default\">Talento Sostenible<\/h5>\t\t\t\t<\/div>\n\t\t\t\t<\/div>\n\t\t\t\t<div class=\"elementor-element elementor-element-43e465d6 elementor-drop-cap-yes envato-kit-93-drop-cap elementor-drop-cap-view-default elementor-invisible elementor-widget elementor-widget-text-editor\" data-id=\"43e465d6\" data-element_type=\"widget\" data-settings=\"{&quot;drop_cap&quot;:&quot;yes&quot;,&quot;_animation&quot;:&quot;fadeInUp&quot;}\" data-widget_type=\"text-editor.default\">\n\t\t\t\t<div class=\"elementor-widget-container\">\n\t\t\t\t\t\t\t\t\t<p>En F&amp;B Consultores, nuestra misi\u00f3n es ayudar a las empresas a encontrar y cultivar el talento que\u00a0 impulse su \u00e9xito y sostenibilidad a largo plazo. Nos enfocamos en seleccionar talento integral y sostenible, evaluando a los profesionales desde un enfoque TRIPLE A:<\/p><ul><li><strong>Actitud:<\/strong> Lo que aspiran a hacer y su disposici\u00f3n para alcanzar sus objetivos.<\/li><li><strong>Aptitud:<\/strong> Las habilidades y conocimientos que han desarrollado.<\/li><li><strong>Altitud:<\/strong> Su visi\u00f3n y valores, fundamentales para contribuir a una cultura organizacional s\u00f3lida.<\/li><\/ul><p>Nuestra metodolog\u00eda est\u00e1 dise\u00f1ada para minimizar sesgos en el proceso de selecci\u00f3n,<br \/>garantizando una elecci\u00f3n objetiva y alineada con la visi\u00f3n de futuro de cada cliente.<\/p>\t\t\t\t\t\t\t\t<\/div>\n\t\t\t\t<\/div>\n\t\t\t\t\t<\/div>\n\t\t<\/div>\n\t\t\t\t\t<\/div>\n\t\t<\/section>\n\t\t\t\t<section class=\"elementor-section elementor-top-section elementor-element elementor-element-e115679 elementor-section-boxed elementor-section-height-default elementor-section-height-default\" data-id=\"e115679\" data-element_type=\"section\" data-settings=\"{&quot;background_background&quot;:&quot;classic&quot;}\">\n\t\t\t\t\t\t\t<div class=\"elementor-background-overlay\"><\/div>\n\t\t\t\t\t\t\t<div class=\"elementor-container elementor-column-gap-default\">\n\t\t\t\t\t<div class=\"elementor-column elementor-col-100 elementor-top-column elementor-element elementor-element-af04c1\" data-id=\"af04c1\" data-element_type=\"column\">\n\t\t\t<div class=\"elementor-widget-wrap elementor-element-populated\">\n\t\t\t\t\t\t<div class=\"elementor-element elementor-element-52e46a08 elementor-invisible elementor-widget elementor-widget-heading\" data-id=\"52e46a08\" data-element_type=\"widget\" data-settings=\"{&quot;_animation&quot;:&quot;fadeInUp&quot;}\" data-widget_type=\"heading.default\">\n\t\t\t\t<div class=\"elementor-widget-container\">\n\t\t\t\t\t<h2 class=\"elementor-heading-title elementor-size-default\">Nuestros servicios<\/h2>\t\t\t\t<\/div>\n\t\t\t\t<\/div>\n\t\t\t\t<div class=\"elementor-element elementor-element-1a1398f7 elementor-widget-divider--view-line elementor-invisible elementor-widget elementor-widget-divider\" data-id=\"1a1398f7\" data-element_type=\"widget\" data-settings=\"{&quot;_animation&quot;:&quot;fadeInUp&quot;}\" data-widget_type=\"divider.default\">\n\t\t\t\t<div class=\"elementor-widget-container\">\n\t\t\t\t\t\t\t<div class=\"elementor-divider\">\n\t\t\t<span class=\"elementor-divider-separator\">\n\t\t\t\t\t\t<\/span>\n\t\t<\/div>\n\t\t\t\t\t\t<\/div>\n\t\t\t\t<\/div>\n\t\t\t\t<div class=\"elementor-element elementor-element-579c06b e-n-tabs-mobile elementor-widget elementor-widget-n-tabs\" data-id=\"579c06b\" data-element_type=\"widget\" data-settings=\"{&quot;horizontal_scroll&quot;:&quot;disable&quot;}\" data-widget_type=\"nested-tabs.default\">\n\t\t\t\t<div class=\"elementor-widget-container\">\n\t\t\t\t\t\t\t<div class=\"e-n-tabs\" data-widget-number=\"91865195\" aria-label=\"Pesta\u00f1as. Abre elementos con Intro o Espacio, ci\u00e9rralos con Escape y navega con las fechas.\">\n\t\t\t<div class=\"e-n-tabs-heading\" role=\"tablist\">\n\t\t\t\t\t<button id=\"e-n-tab-title-918651951\" data-tab-title-id=\"e-n-tab-title-918651951\" class=\"e-n-tab-title\" aria-selected=\"true\" data-tab-index=\"1\" role=\"tab\" tabindex=\"0\" aria-controls=\"e-n-tab-content-918651951\" style=\"--n-tabs-title-order: 1;\">\n\t\t\t\t\t\t<span class=\"e-n-tab-title-text\">\n\t\t\t\tEXECUTIVE SEARCH\t\t\t<\/span>\n\t\t<\/button>\n\t\t\t\t<button id=\"e-n-tab-title-918651952\" data-tab-title-id=\"e-n-tab-title-918651952\" class=\"e-n-tab-title\" aria-selected=\"false\" data-tab-index=\"2\" role=\"tab\" tabindex=\"-1\" aria-controls=\"e-n-tab-content-918651952\" style=\"--n-tabs-title-order: 2;\">\n\t\t\t\t\t\t<span class=\"e-n-tab-title-text\">\n\t\t\t\tMENTORING Y ORIENTACI\u00d3N PROFESIONAL\t\t\t<\/span>\n\t\t<\/button>\n\t\t\t\t<button id=\"e-n-tab-title-918651953\" data-tab-title-id=\"e-n-tab-title-918651953\" class=\"e-n-tab-title\" aria-selected=\"false\" data-tab-index=\"3\" role=\"tab\" tabindex=\"-1\" aria-controls=\"e-n-tab-content-918651953\" style=\"--n-tabs-title-order: 3;\">\n\t\t\t\t\t\t<span class=\"e-n-tab-title-text\">\n\t\t\t\tCONSULTOR\u00cdA\t\t\t<\/span>\n\t\t<\/button>\n\t\t\t\t<button id=\"e-n-tab-title-918651954\" data-tab-title-id=\"e-n-tab-title-918651954\" class=\"e-n-tab-title\" aria-selected=\"false\" data-tab-index=\"4\" role=\"tab\" tabindex=\"-1\" aria-controls=\"e-n-tab-content-918651954\" style=\"--n-tabs-title-order: 4;\">\n\t\t\t\t\t\t<span class=\"e-n-tab-title-text\">\n\t\t\t\tFORMACI\u00d3N Y DESARROLLO\t\t\t<\/span>\n\t\t<\/button>\n\t\t\t\t\t<\/div>\n\t\t\t<div class=\"e-n-tabs-content\">\n\t\t\t\t<div id=\"e-n-tab-content-918651951\" role=\"tabpanel\" aria-labelledby=\"e-n-tab-title-918651951\" data-tab-index=\"1\" style=\"--n-tabs-title-order: 1;\" class=\"e-active elementor-element elementor-element-d20afce e-flex e-con-boxed e-con e-child\" data-id=\"d20afce\" data-element_type=\"container\">\n\t\t\t\t\t<div class=\"e-con-inner\">\n\t\t\t\t<div class=\"elementor-element elementor-element-b373819 elementor-widget elementor-widget-text-editor\" data-id=\"b373819\" data-element_type=\"widget\" data-widget_type=\"text-editor.default\">\n\t\t\t\t<div class=\"elementor-widget-container\">\n\t\t\t\t\t\t\t\t\t<p>Con m\u00e1s de 20 a\u00f1os de experiencia en la industria legal y un equipo de consultores que son abogados de diversas generaciones, hemos consolidado una red de contactos valiosa y eficiente, lo que nos permite brindar un servicio \u00e1gil y altamente especializado.<\/p><ul><li><strong>Discreci\u00f3n y rigor:<\/strong> La confidencialidad es uno de nuestros valores clave, respaldado por el prestigio que nos hemos ganado a lo largo de los a\u00f1os. Escuchamos en profundidad para lograr un encaje perfecto entre cliente y candidato.<\/li><li><strong>Optimizaci\u00f3n de tiempos:<\/strong> Presentamos \u00fanicamente candidatos que sabemos que pueden aportar valor y trabajar en sinton\u00eda con cada organizaci\u00f3n.<\/li><li><strong>Experiencia y conocimiento del mercado:<\/strong> Con 40 a\u00f1os de trayectoria, nuestro conocimiento del mercado nos permite ofrecer soluciones r\u00e1pidas y con una visi\u00f3n integral.<\/li><li><strong>Candidatos s\u00f3lidos y de confianza:<\/strong> Nos enfocamos en seleccionar perfiles profesionales y humanos s\u00f3lidos, siempre basando nuestros procesos en la confianza mutua.<\/li><\/ul><p>\u00c1reas de Experiencia<\/p><ul><li>Socios<\/li><li>Abogados con m\u00e1s de 5 a\u00f1os de experiencia<\/li><li>Abogados In-house<\/li><li>Consejeros y Comit\u00e9s de Direcci\u00f3n<\/li><li>Integraciones de despachos<\/li><\/ul>\t\t\t\t\t\t\t\t<\/div>\n\t\t\t\t<\/div>\n\t\t\t\t\t<\/div>\n\t\t\t\t<\/div>\n\t\t<div id=\"e-n-tab-content-918651952\" role=\"tabpanel\" aria-labelledby=\"e-n-tab-title-918651952\" data-tab-index=\"2\" style=\"--n-tabs-title-order: 2;\" class=\" elementor-element elementor-element-c6c6128 e-flex e-con-boxed e-con e-child\" data-id=\"c6c6128\" data-element_type=\"container\">\n\t\t\t\t\t<div class=\"e-con-inner\">\n\t\t\t\t<div class=\"elementor-element elementor-element-6879b63 elementor-widget elementor-widget-text-editor\" data-id=\"6879b63\" data-element_type=\"widget\" data-widget_type=\"text-editor.default\">\n\t\t\t\t<div class=\"elementor-widget-container\">\n\t\t\t\t\t\t\t\t\t<p><span style=\"color: #333333;\">Acompa\u00f1amos a directivos y abogados de todas las categor\u00edas en su desarrollo profesional y personal, brindando apoyo en los momentos clave de cambio y en la planificaci\u00f3n de carreras en posiciones senior. <\/span><\/p><p><span style=\"color: #333333;\">Entendemos que el \u00e9xito en el \u00e1mbito profesional no depende \u00fanicamente de las habilidades t\u00e9cnicas, sino tambi\u00e9n del desarrollo de la inteligencia emocional y de herramientas para el bienestar. <\/span><\/p><p><span style=\"color: #333333;\">Para ello, incorporamos t\u00e9cnicas de coaching, programaci\u00f3n neuroling\u00fc\u00edstica (PNL), psicolog\u00eda humanista y mindfulness en nuestras sesiones de mentoring, ayudando a nuestros clientes a enfrentar los desaf\u00edos y aprovechar las oportunidades que surgen en sus carreras. <\/span><\/p><p><strong><span style=\"color: #333333;\">Nuestro Enfoque<\/span><\/strong><\/p><ul><li><span style=\"color: #333333;\"><strong>Autoconocimiento y reflexi\u00f3n:<\/strong> Fomentamos la introspecci\u00f3n para ayudar a los profesionales a conocerse mejor. <\/span><\/li><li><span style=\"color: #333333;\"><strong>Objetivos claros:<\/strong> Identificamos y alineamos los objetivos de carrera y de vida con las oportunidades reales en el mercado.<\/span><\/li><li><span style=\"color: #333333;\"><strong>Propuesta de valor s\u00f3lida:<\/strong> Creamos una propuesta de valor profesional que sea coherente y alineada con las demandas actuales del mercado.<\/span><\/li><li><span style=\"color: #333333;\"><strong>Plan de acci\u00f3n personalizado:<\/strong> Acompa\u00f1amos en el desarrollo de un plan estrat\u00e9gico para alcanzar estos objetivos.<\/span><\/li><\/ul><p><span style=\"color: #333333;\">Estos recursos les permiten explorar aspectos personales y emocionales que enriquecen su crecimiento y contribuyen a un desempe\u00f1o profesional equilibrado y sostenido.<\/span><\/p>\t\t\t\t\t\t\t\t<\/div>\n\t\t\t\t<\/div>\n\t\t\t\t\t<\/div>\n\t\t\t\t<\/div>\n\t\t<div id=\"e-n-tab-content-918651953\" role=\"tabpanel\" aria-labelledby=\"e-n-tab-title-918651953\" data-tab-index=\"3\" style=\"--n-tabs-title-order: 3;\" class=\" elementor-element elementor-element-a22dbc3 e-flex e-con-boxed e-con e-child\" data-id=\"a22dbc3\" data-element_type=\"container\">\n\t\t\t\t\t<div class=\"e-con-inner\">\n\t\t\t\t<div class=\"elementor-element elementor-element-ffec54c elementor-widget elementor-widget-text-editor\" data-id=\"ffec54c\" data-element_type=\"widget\" data-widget_type=\"text-editor.default\">\n\t\t\t\t<div class=\"elementor-widget-container\">\n\t\t\t\t\t\t\t\t\t<p>En F&amp;B Consultores, nos especializamos en valoraciones e integraciones de despachos, as\u00ed como en estudios de mercado, demogr\u00e1ficos y salariales, proporcionando un an\u00e1lisis profundo y estrat\u00e9gico en cada proyecto.<\/p><p>Sabemos que las fusiones e integraciones exitosas requieren una comprensi\u00f3n detallada de las sinergias, los objetivos y el perfil de profesionales que desean formar parte de una nueva estructura organizacional.<\/p><p><strong>Nuestro enfoque<\/strong><\/p><ul><li><strong>Integraci\u00f3n Estrat\u00e9gica a Largo Plazo:<\/strong> En cada proceso, nuestro papel es asegurar que la integraci\u00f3n est\u00e9 alineada con los proyectos de negocio a largo plazo de nuestros clientes, promoviendo la sostenibilidad y el crecimiento.<\/li><li><strong>Escucha Activa y Comprensi\u00f3n Profunda:<\/strong> Consideramos cada proyecto \u00fanico; por ello, empleamos una escucha activa para comprender a fondo los motivos de la fusi\u00f3n, adaptando nuestras recomendaciones para lograr una integraci\u00f3n estable y coherente.<\/li><li><strong>An\u00e1lisis de Sinergias:<\/strong> Estudiamos minuciosamente las sinergias de cada proyecto para maximizar el \u00e9xito de la integraci\u00f3n, priorizando la estabilidad y la cohesi\u00f3n organizacional en cada paso del proceso.<\/li><\/ul><p>\u00a0<\/p><p>Nuestra visi\u00f3n integral garantiza que las fusiones y adquisiciones no solo se basen en cifras, sino en un entendimiento profundo de los objetivos y la cultura organizacional.<\/p>\t\t\t\t\t\t\t\t<\/div>\n\t\t\t\t<\/div>\n\t\t\t\t\t<\/div>\n\t\t\t\t<\/div>\n\t\t<div id=\"e-n-tab-content-918651954\" role=\"tabpanel\" aria-labelledby=\"e-n-tab-title-918651954\" data-tab-index=\"4\" style=\"--n-tabs-title-order: 4;\" class=\" elementor-element elementor-element-a466c44 e-flex e-con-boxed e-con e-child\" data-id=\"a466c44\" data-element_type=\"container\">\n\t\t\t\t\t<div class=\"e-con-inner\">\n\t\t\t\t<div class=\"elementor-element elementor-element-efeaf97 elementor-widget elementor-widget-text-editor\" data-id=\"efeaf97\" data-element_type=\"widget\" data-widget_type=\"text-editor.default\">\n\t\t\t\t<div class=\"elementor-widget-container\">\n\t\t\t\t\t\t\t\t\t<p>En F&amp;B Consultores, promovemos el crecimiento continuo a trav\u00e9s de talleres y programas din\u00e1micos enfocados en el desarrollo personal y profesional de los abogados. Nuestros programas est\u00e1n dise\u00f1ados para fortalecer habilidades esenciales en el \u00e1mbito laboral y fomentar un liderazgo efectivo.<\/p><ol><li><strong>Autoconocimiento y Liderazgo Personal<\/strong> Ayuda a los profesionales a identificar sus fortalezas y \u00e1reas de mejora, impulsando su autenticidad y confianza como l\u00edderes.<\/li><li><strong>Gesti\u00f3n de Emociones y Resiliencia<\/strong> Estrategias pr\u00e1cticas de inteligencia emocional y mindfulness para manejar el estr\u00e9s y cultivar una actitud positiva bajo presi\u00f3n.<\/li><li><strong>Toma de Decisiones \u00c9ticas<\/strong> Capacitaci\u00f3n en la toma de decisiones responsables, cruciales para mantener la integridad en el sector legal.<\/li><li><strong>Gesti\u00f3n de Conflictos y Negociaci\u00f3n<\/strong> Habilidades en comunicaci\u00f3n asertiva y negociaci\u00f3n, claves para la resoluci\u00f3n efectiva de disputas.<\/li><li><strong>Liderazgo de Equipos<\/strong> Enfoque en liderazgo colaborativo, empat\u00eda y cohesi\u00f3n grupal para crear equipos de alto rendimiento.<\/li><\/ol><p>Nuestros talleres son impartidos por expertos y ofrecen herramientas aplicables para que los participantes refuercen sus habilidades y optimicen su impacto en el \u00e1mbito profesional.<\/p>\t\t\t\t\t\t\t\t<\/div>\n\t\t\t\t<\/div>\n\t\t\t\t\t<\/div>\n\t\t\t\t<\/div>\n\t\t\t\t\t<\/div>\n\t\t<\/div>\n\t\t\t\t\t\t<\/div>\n\t\t\t\t<\/div>\n\t\t\t\t\t<\/div>\n\t\t<\/div>\n\t\t\t\t\t<\/div>\n\t\t<\/section>\n\t\t\t\t<section class=\"elementor-section elementor-top-section elementor-element elementor-element-2686f9b8 elementor-section-boxed elementor-section-height-default elementor-section-height-default\" data-id=\"2686f9b8\" data-element_type=\"section\" data-settings=\"{&quot;background_background&quot;:&quot;classic&quot;}\">\n\t\t\t\t\t\t<div class=\"elementor-container elementor-column-gap-default\">\n\t\t\t\t\t<div class=\"elementor-column elementor-col-100 elementor-top-column elementor-element elementor-element-5c53ec2c\" data-id=\"5c53ec2c\" data-element_type=\"column\">\n\t\t\t<div class=\"elementor-widget-wrap elementor-element-populated\">\n\t\t\t\t\t\t<div class=\"elementor-element elementor-element-2ff268db elementor-widget-divider--view-line elementor-invisible elementor-widget elementor-widget-divider\" data-id=\"2ff268db\" data-element_type=\"widget\" data-settings=\"{&quot;_animation&quot;:&quot;fadeInUp&quot;}\" data-widget_type=\"divider.default\">\n\t\t\t\t<div class=\"elementor-widget-container\">\n\t\t\t\t\t\t\t<div class=\"elementor-divider\">\n\t\t\t<span class=\"elementor-divider-separator\">\n\t\t\t\t\t\t<\/span>\n\t\t<\/div>\n\t\t\t\t\t\t<\/div>\n\t\t\t\t<\/div>\n\t\t\t\t<div class=\"elementor-element elementor-element-1eaaafa elementor-invisible elementor-widget elementor-widget-heading\" data-id=\"1eaaafa\" data-element_type=\"widget\" data-settings=\"{&quot;_animation&quot;:&quot;fadeInUp&quot;,&quot;_animation_delay&quot;:200}\" data-widget_type=\"heading.default\">\n\t\t\t\t<div class=\"elementor-widget-container\">\n\t\t\t\t\t<p class=\"elementor-heading-title elementor-size-default\">Compromiso \u00e9tico de F&amp;B Consultores<\/p>\t\t\t\t<\/div>\n\t\t\t\t<\/div>\n\t\t\t\t<div class=\"elementor-element elementor-element-54d3091b elementor-invisible elementor-widget elementor-widget-heading\" data-id=\"54d3091b\" data-element_type=\"widget\" data-settings=\"{&quot;_animation&quot;:&quot;fadeInUp&quot;}\" data-widget_type=\"heading.default\">\n\t\t\t\t<div class=\"elementor-widget-container\">\n\t\t\t\t\t<h3 class=\"elementor-heading-title elementor-size-default\">Este manifiesto es nuestra promesa de actuar con \u00e9tica y compromiso hacia nuestros colaboradores, candidatos y clientes, liderando el sector de executive search legal con integridad y responsabilidad.<\/h3>\t\t\t\t<\/div>\n\t\t\t\t<\/div>\n\t\t\t\t<div class=\"elementor-element elementor-element-75cc97bb elementor-align-center elementor-widget elementor-widget-button\" data-id=\"75cc97bb\" data-element_type=\"widget\" data-widget_type=\"button.default\">\n\t\t\t\t<div class=\"elementor-widget-container\">\n\t\t\t\t\t\t\t\t\t<div class=\"elementor-button-wrapper\">\n\t\t\t\t\t<a class=\"elementor-button elementor-button-link elementor-size-sm\" href=\"https:\/\/consultoresfb.com\/wp-content\/uploads\/2024\/11\/CODIGO-DE-ETICA-FB_151124.pdf\" download=\"c\u00f3digo \u00e9tico\">\n\t\t\t\t\t\t<span class=\"elementor-button-content-wrapper\">\n\t\t\t\t\t\t\t\t\t<span class=\"elementor-button-text\">nuestro compromiso<\/span>\n\t\t\t\t\t<\/span>\n\t\t\t\t\t<\/a>\n\t\t\t\t<\/div>\n\t\t\t\t\t\t\t\t<\/div>\n\t\t\t\t<\/div>\n\t\t\t\t\t<\/div>\n\t\t<\/div>\n\t\t\t\t\t<\/div>\n\t\t<\/section>\n\t\t\t\t<\/div>\n\t\t","protected":false},"excerpt":{"rendered":"<p>Qu\u00e9 hacemos Cons\u00faltanos Talento Sostenible En F&amp;B Consultores, nuestra misi\u00f3n es ayudar a las empresas a encontrar y cultivar el talento que\u00a0 impulse su \u00e9xito y sostenibilidad a largo plazo. Nos enfocamos en seleccionar talento integral y sostenible, evaluando a los profesionales desde un enfoque TRIPLE A: Actitud: Lo que aspiran a hacer y su [&hellip;]<\/p>\n","protected":false},"author":1,"featured_media":0,"parent":0,"menu_order":0,"comment_status":"closed","ping_status":"closed","template":"elementor_header_footer","meta":{"footnotes":""},"class_list":["post-110","page","type-page","status-publish","hentry"],"_links":{"self":[{"href":"https:\/\/consultoresfb.com\/index.php\/wp-json\/wp\/v2\/pages\/110","targetHints":{"allow":["GET"]}}],"collection":[{"href":"https:\/\/consultoresfb.com\/index.php\/wp-json\/wp\/v2\/pages"}],"about":[{"href":"https:\/\/consultoresfb.com\/index.php\/wp-json\/wp\/v2\/types\/page"}],"author":[{"embeddable":true,"href":"https:\/\/consultoresfb.com\/index.php\/wp-json\/wp\/v2\/users\/1"}],"replies":[{"embeddable":true,"href":"https:\/\/consultoresfb.com\/index.php\/wp-json\/wp\/v2\/comments?post=110"}],"version-history":[{"count":89,"href":"https:\/\/consultoresfb.com\/index.php\/wp-json\/wp\/v2\/pages\/110\/revisions"}],"predecessor-version":[{"id":909,"href":"https:\/\/consultoresfb.com\/index.php\/wp-json\/wp\/v2\/pages\/110\/revisions\/909"}],"wp:attachment":[{"href":"https:\/\/consultoresfb.com\/index.php\/wp-json\/wp\/v2\/media?parent=110"}],"curies":[{"name":"wp","href":"https:\/\/api.w.org\/{rel}","templated":true}]}}